{"id":1071,"date":"2021-02-15T02:33:10","date_gmt":"2021-02-15T05:33:10","guid":{"rendered":"https:\/\/isfd136-bue.infd.edu.ar\/sitio\/?page_id=1071"},"modified":"2021-02-15T02:45:39","modified_gmt":"2021-02-15T05:45:39","slug":"tecnicatura-superior-en-regimen-aduanero-y-comercio-exterior","status":"publish","type":"page","link":"https:\/\/isfd136-bue.infd.edu.ar\/sitio\/tecnicatura-superior-en-regimen-aduanero-y-comercio-exterior\/","title":{"rendered":"Tecnicatura Superior en R\u00e9gimen Aduanero y Comercio Exterior"},"content":{"rendered":"<p><img decoding=\"async\" loading=\"lazy\" class=\"alignnone size-medium wp-image-1062\" src=\"https:\/\/isfd136-bue.infd.edu.ar\/sitio\/wp-content\/uploads\/2021\/02\/regimen-1-1000x310.jpg\" alt=\"\" width=\"1000\" height=\"310\" srcset=\"https:\/\/isfd136-bue.infd.edu.ar\/sitio\/wp-content\/uploads\/2021\/02\/regimen-1-1000x310.jpg 1000w, https:\/\/isfd136-bue.infd.edu.ar\/sitio\/wp-content\/uploads\/2021\/02\/regimen-1-768x238.jpg 768w, https:\/\/isfd136-bue.infd.edu.ar\/sitio\/wp-content\/uploads\/2021\/02\/regimen-1-1900x589.jpg 1900w, https:\/\/isfd136-bue.infd.edu.ar\/sitio\/wp-content\/uploads\/2021\/02\/regimen-1.jpg 1964w\" sizes=\"(max-width: 1000px) 100vw, 1000px\" \/><\/p>\n<p><img decoding=\"async\" loading=\"lazy\" class=\"alignnone wp-image-1087\" src=\"https:\/\/isfd136-bue.infd.edu.ar\/sitio\/wp-content\/uploads\/2021\/02\/caract-carrera-1.jpg\" alt=\"\" width=\"300\" height=\"71\" \/><\/p>\n<p>La presente Tecnicatura pretende formar a un profesional capacitado tanto para desempe\u00f1arse, en el \u00e1mbito p\u00fablico como en el privado, como auxiliar directo y necesario del Servicio Aduanero y del Comercio Exterior, como as\u00ed tambi\u00e9n para dise\u00f1ar e implementar operaciones relacionadas con la comercializaci\u00f3n de productos y servicios desde y hacia el exterior, aportando su conocimiento, capacidad de an\u00e1lisis y comprensi\u00f3n de las oportunidades que puedan generar la constante fluctuaci\u00f3n del Comercio Exterior, realizando tambi\u00e9n la despachant\u00eda de aduana necesaria para implementar dichas operaciones.<\/p>\n<p>&nbsp;<\/p>\n<p><img decoding=\"async\" loading=\"lazy\" class=\"alignnone wp-image-1088\" src=\"https:\/\/isfd136-bue.infd.edu.ar\/sitio\/wp-content\/uploads\/2021\/02\/egresado-3.jpg\" alt=\"\" width=\"264\" height=\"79\" \/><\/p>\n<p>El egresado que obtendr\u00e1 el t\u00edtulo de T\u00e9cnico Superior en R\u00e9gimen Aduanero y Comercio Exterior podr\u00e1 desarrollarse en las siguientes \u00e1reas de competencia:<\/p>\n<ol>\n<li>Gestionar operaciones de Comercio Exterior y R\u00e9gimen Aduanero.<\/li>\n<li>Dise\u00f1ar proyectos de Comercio Exterior.<\/li>\n<li>Ejecutar proyectos de Comercio Exterior.<\/li>\n<li>Evaluar proyectos de Comercio Exterior.<\/li>\n<li>Gestionar personal a su cargo en relaci\u00f3n a tareas de Comercio Exterior y R\u00e9gimen Aduanero.<\/li>\n<li>Podr\u00e1 desempe\u00f1arse en forma independiente o en relaci\u00f3n de dependencia para el asesoramiento en materia de r\u00e9gimen y operativa aduanera y del comercio exterior.<\/li>\n<li>Planificar y coordinar actividades relacionadas con la importaci\u00f3n y exportaci\u00f3n de mercader\u00edas y servicios.<\/li>\n<li>Estar\u00e1 habilitado para presentarse ante la Direcci\u00f3n General de Aduanas (DGA \u2013 AFIP) para rendir examen de despachante de aduanas, dado que el programa de materias contempla los conocimientos requeridos por la Resoluci\u00f3n ANA N\u00b0 429\/92 y sus modificatorias y tambi\u00e9n mediante el sistema de veedur\u00edas del \u00e1rea de Capacitaci\u00f3n de la Direcci\u00f3n General de Aduanas DGA de la Administraci\u00f3n General de Ingresos P\u00fablicos.- AFIP.<\/li>\n<\/ol>\n<p>&nbsp;<\/p>\n<p><img decoding=\"async\" loading=\"lazy\" class=\"alignnone wp-image-1089\" src=\"https:\/\/isfd136-bue.infd.edu.ar\/sitio\/wp-content\/uploads\/2021\/02\/plan-de-estudio-.jpg\" alt=\"\" width=\"220\" height=\"80\" \/><\/p>\n<p><img decoding=\"async\" loading=\"lazy\" class=\"alignnone size-medium wp-image-1113\" src=\"https:\/\/isfd136-bue.infd.edu.ar\/sitio\/wp-content\/uploads\/2021\/02\/regimen-plan-de-estudio-1000x517.jpg\" alt=\"\" width=\"1000\" height=\"517\" srcset=\"https:\/\/isfd136-bue.infd.edu.ar\/sitio\/wp-content\/uploads\/2021\/02\/regimen-plan-de-estudio-1000x517.jpg 1000w, https:\/\/isfd136-bue.infd.edu.ar\/sitio\/wp-content\/uploads\/2021\/02\/regimen-plan-de-estudio-768x397.jpg 768w, https:\/\/isfd136-bue.infd.edu.ar\/sitio\/wp-content\/uploads\/2021\/02\/regimen-plan-de-estudio.jpg 1137w\" sizes=\"(max-width: 1000px) 100vw, 1000px\" \/><\/p>\n<p><a href=\"https:\/\/isfd136-bue.infd.edu.ar\/sitio\/informacion-tecnicaturas\/\"><img decoding=\"async\" loading=\"lazy\" class=\"aligncenter wp-image-1120\" src=\"https:\/\/isfd136-bue.infd.edu.ar\/sitio\/wp-content\/uploads\/2021\/02\/Imagen6.jpg\" alt=\"\" width=\"74\" height=\"75\" \/><\/a><\/p>\n<p>&nbsp;<\/p>\n<p>&nbsp;<\/p>\n<p>&nbsp;<\/p>\n<p>&nbsp;<\/p>\n<p>&nbsp;<\/p>\n<p>&nbsp;<\/p>\n","protected":false},"excerpt":{"rendered":"<p>La presente Tecnicatura pretende formar a un profesional capacitado tanto para desempe\u00f1arse, en el \u00e1mbito p\u00fablico como en el privado, como auxiliar directo y necesario del Servicio Aduanero y del Comercio Exterior, como as\u00ed tambi\u00e9n para dise\u00f1ar e implementar operaciones relacionadas con la comercializaci\u00f3n de productos y servicios desde y hacia el exterior, aportando su &#8230; <a title=\"Tecnicatura Superior en R\u00e9gimen Aduanero y Comercio Exterior\" class=\"read-more\" href=\"https:\/\/isfd136-bue.infd.edu.ar\/sitio\/tecnicatura-superior-en-regimen-aduanero-y-comercio-exterior\/\" aria-label=\"More on Tecnicatura Superior en R\u00e9gimen Aduanero y Comercio Exterior\">[+]<\/a><\/p>\n","protected":false},"author":709,"featured_media":0,"parent":0,"menu_order":0,"comment_status":"closed","ping_status":"closed","template":"","meta":[],"acf":[],"_links":{"self":[{"href":"https:\/\/isfd136-bue.infd.edu.ar\/sitio\/wp-json\/wp\/v2\/pages\/1071"}],"collection":[{"href":"https:\/\/isfd136-bue.infd.edu.ar\/sitio\/wp-json\/wp\/v2\/pages"}],"about":[{"href":"https:\/\/isfd136-bue.infd.edu.ar\/sitio\/wp-json\/wp\/v2\/types\/page"}],"author":[{"embeddable":true,"href":"https:\/\/isfd136-bue.infd.edu.ar\/sitio\/wp-json\/wp\/v2\/users\/709"}],"replies":[{"embeddable":true,"href":"https:\/\/isfd136-bue.infd.edu.ar\/sitio\/wp-json\/wp\/v2\/comments?post=1071"}],"version-history":[{"count":8,"href":"https:\/\/isfd136-bue.infd.edu.ar\/sitio\/wp-json\/wp\/v2\/pages\/1071\/revisions"}],"predecessor-version":[{"id":1123,"href":"https:\/\/isfd136-bue.infd.edu.ar\/sitio\/wp-json\/wp\/v2\/pages\/1071\/revisions\/1123"}],"wp:attachment":[{"href":"https:\/\/isfd136-bue.infd.edu.ar\/sitio\/wp-json\/wp\/v2\/media?parent=1071"}],"curies":[{"name":"wp","href":"https:\/\/api.w.org\/{rel}","templated":true}]}}