{"id":755,"date":"2018-08-29T14:59:53","date_gmt":"2018-08-29T17:59:53","guid":{"rendered":"https:\/\/isfd136-bue.infd.edu.ar\/sitio\/historia\/"},"modified":"2021-02-17T23:21:02","modified_gmt":"2021-02-18T02:21:02","slug":"historia","status":"publish","type":"page","link":"https:\/\/isfd136-bue.infd.edu.ar\/sitio\/historia\/","title":{"rendered":"Historia"},"content":{"rendered":"<p><img decoding=\"async\" loading=\"lazy\" class=\"wp-image-775 aligncenter\" src=\"https:\/\/isfd136-bue.infd.edu.ar\/sitio\/wp-content\/uploads\/2019\/09\/LOGO.png\" alt=\"\" width=\"147\" height=\"191\" \/><\/p>\n<p style=\"text-align: justify;\"><span style=\"font-size: 12pt;\">En el a\u00f1o 1992 se crea la Extensi\u00f3n del ISFD 17 de La Plata en la localidad de Ensenada y se abre inicialmente la carrera de Profesorado en Educaci\u00f3n Primaria. Debido a la gran demanda por parte de los ciudadanos de Ensenada, el Instituto crece e incorpora carreras como Tecnicatura Superior en Turismo, Tecnicatura Superior en Comercio Exterior, Tecnicatura Superior en Gesti\u00f3n Ambiental y Salud y Tecnicatura en Dise\u00f1o Textil e Indumentaria.<\/span><\/p>\n<p><span style=\"font-size: 12pt;\">En el a\u00f1o 2005 el Instituto adquiere identidad propia, se independiza el ISFD 17 y pasa de denominarse ISFD y T 136, incorporando e<\/span><span style=\"font-size: 12pt;\">n el a\u00f1o 2008 se la carrera de Profesorado en Educaci\u00f3n Inicial.<\/span><\/p>\n<p>Actualmente nuestra Instituci\u00f3n brinda las siguientes carreras:<\/p>\n<p><strong>TECNICATURAS<\/strong><\/p>\n<p><span style=\"font-size: 12pt;\">Tecnicatura Superior en Turismo<\/span><\/p>\n<p><span style=\"font-size: 12pt;\"> Tecnicatura Superior R\u00e9gimen Aduanero y Comercio Exterior<\/span><\/p>\n<p><span style=\"font-size: 12pt;\"> Tecnicatura Superior en Administraci\u00f3n en Recursos Humanos\u00a0 <\/span><\/p>\n<p><span style=\"font-size: 12pt;\">Tecnicatura en Dise\u00f1o Textil e Indumentaria.<\/span><\/p>\n<p>&nbsp;<\/p>\n<p><strong>PROFESORADOS<\/strong><\/p>\n<p>Profesorado en Educaci\u00f3n Inicial<\/p>\n<p>Profesorado en educaci\u00f3n Primaria<\/p>\n<p>Profesorado en Educaci\u00f3n Secundaria de Lengua y Litertura\u00a0 (carrera incorporada en el a\u00f1o <strong>2019 con la creaci\u00f3n de la Extensi\u00f3n Punta Lara, signo del crecimiento de nuestra instituci\u00f3n<\/strong>)<\/p>\n<p style=\"text-align: justify;\"><span style=\"font-size: 12pt;\">A\u00f1o tras a\u00f1o, las carreras docentes son las que reciben m\u00e1s alumnos. El Instituto ha implementado estrategias para formar alumnos cada vez m\u00e1s comprometidos con la profesi\u00f3n: becas, asistencia a congresos, salidas educativas, capacitaciones, contacto con instituciones destinatarias de practicantes, etc.<\/span><\/p>\n<p style=\"text-align: justify;\"><span style=\"font-size: 12pt;\">El ISFD y T cuenta con piso tecnol\u00f3gico y con un campus virtual que proporciona gran variedad de instrumentos que posibilitan el acceso de los docentes y alumnos a una relaci\u00f3n de extended learning. Las aulas virtuales \u201creplican\u201d las condiciones de la presencialidad y permiten flexibilizar el acceso al conocimiento. Los alumnos reciben alfabetizaci\u00f3n digital no s\u00f3lo en el reconocimiento de las herramientas del campus, sino en gran variedad de aplicaciones multimediales educativas.\u00a0<\/span><\/p>\n","protected":false},"excerpt":{"rendered":"<p>En el a\u00f1o 1992 se crea la Extensi\u00f3n del ISFD 17 de La Plata en la localidad de Ensenada y se abre inicialmente la carrera de Profesorado en Educaci\u00f3n Primaria. Debido a la gran demanda por parte de los ciudadanos de Ensenada, el Instituto crece e incorpora carreras como Tecnicatura Superior en Turismo, Tecnicatura Superior &#8230; <a title=\"Historia\" class=\"read-more\" href=\"https:\/\/isfd136-bue.infd.edu.ar\/sitio\/historia\/\" aria-label=\"More on Historia\">[+]<\/a><\/p>\n","protected":false},"author":1,"featured_media":0,"parent":0,"menu_order":0,"comment_status":"closed","ping_status":"closed","template":"","meta":[],"acf":[],"_links":{"self":[{"href":"https:\/\/isfd136-bue.infd.edu.ar\/sitio\/wp-json\/wp\/v2\/pages\/755"}],"collection":[{"href":"https:\/\/isfd136-bue.infd.edu.ar\/sitio\/wp-json\/wp\/v2\/pages"}],"about":[{"href":"https:\/\/isfd136-bue.infd.edu.ar\/sitio\/wp-json\/wp\/v2\/types\/page"}],"author":[{"embeddable":true,"href":"https:\/\/isfd136-bue.infd.edu.ar\/sitio\/wp-json\/wp\/v2\/users\/1"}],"replies":[{"embeddable":true,"href":"https:\/\/isfd136-bue.infd.edu.ar\/sitio\/wp-json\/wp\/v2\/comments?post=755"}],"version-history":[{"count":2,"href":"https:\/\/isfd136-bue.infd.edu.ar\/sitio\/wp-json\/wp\/v2\/pages\/755\/revisions"}],"predecessor-version":[{"id":1151,"href":"https:\/\/isfd136-bue.infd.edu.ar\/sitio\/wp-json\/wp\/v2\/pages\/755\/revisions\/1151"}],"wp:attachment":[{"href":"https:\/\/isfd136-bue.infd.edu.ar\/sitio\/wp-json\/wp\/v2\/media?parent=755"}],"curies":[{"name":"wp","href":"https:\/\/api.w.org\/{rel}","templated":true}]}}