{"id":931,"date":"2020-05-11T23:45:33","date_gmt":"2020-05-12T02:45:33","guid":{"rendered":"https:\/\/isfd136-bue.infd.edu.ar\/sitio\/?page_id=931"},"modified":"2021-02-18T01:32:24","modified_gmt":"2021-02-18T04:32:24","slug":"profesorado-de-educacion-inicial","status":"publish","type":"page","link":"https:\/\/isfd136-bue.infd.edu.ar\/sitio\/profesorado-de-educacion-inicial\/","title":{"rendered":"Profesorado de Educaci\u00f3n Inicial"},"content":{"rendered":"<p><img decoding=\"async\" loading=\"lazy\" class=\"wp-image-905 alignleft\" src=\"https:\/\/isfd136-bue.infd.edu.ar\/sitio\/wp-content\/uploads\/2020\/05\/profesorado-de-inicial-2.png\" alt=\"\" width=\"416\" height=\"220\" \/><\/p>\n<p><strong>Profesorado en Educaci\u00f3n Inicial<\/strong><\/p>\n<p><strong>T\u00edtulo Oficial:<\/strong> Profesor en Educaci\u00f3n Inicial<\/p>\n<p><strong>Resoluci\u00f3n:<\/strong>\u00a0 I.S.F.D.Y.T N\u00b0 136<\/p>\n<p><strong>Lugar de Cursada:<\/strong> I.S.F.D.Y.T N\u00b0 136. Ensenada<\/p>\n<p><strong>Duraci\u00f3n de la Carrera:<\/strong> Cuatro a\u00f1os.<\/p>\n<p><strong>\u00a0 \u00a0 \u00a0 \u00a0 \u00a0 \u00a0 \u00a0 \u00a0 \u00a0 \u00a0 \u00a0 \u00a0 \u00a0 \u00a0 \u00a0 \u00a0 \u00a0 \u00a0 \u00a0 \u00a0 \u00a0 \u00a0 \u00a0 \u00a0 \u00a0 \u00a0 \u00a0 \u00a0 \u00a0 \u00a0 \u00a0 \u00a0 \u00a0 \u00a0 \u00a0 \u00a0 \u00a0 \u00a0 \u00a0 \u00a0 \u00a0 \u00a0 \u00a0 \u00a0 \u00a0 \u00a0 \u00a0 \u00a0 \u00a0 \u00a0 \u00a0 \u00a0 \u00a0 \u00a0Modalidad:<\/strong> Presencial<\/p>\n<p><img decoding=\"async\" loading=\"lazy\" class=\"alignleft wp-image-936\" src=\"https:\/\/isfd136-bue.infd.edu.ar\/sitio\/wp-content\/uploads\/2020\/05\/Imagen7.png\" alt=\"\" width=\"265\" height=\"63\" srcset=\"https:\/\/isfd136-bue.infd.edu.ar\/sitio\/wp-content\/uploads\/2020\/05\/Imagen7.png 509w, https:\/\/isfd136-bue.infd.edu.ar\/sitio\/wp-content\/uploads\/2020\/05\/Imagen7-500x121.png 500w\" sizes=\"(max-width: 265px) 100vw, 265px\" \/><\/p>\n<p>&nbsp;<\/p>\n<p>&nbsp;<\/p>\n<p>El Profesorado en Educaci\u00f3n Inicial tiene como objetivo principal formar docentes competentes en el \u00e1rea de la educaci\u00f3n inicial, con s\u00f3lidos conocimientos pedag\u00f3gicos, atentos a los cambios y transformaciones propios de nuestra tarea cotidiana y comprometidos con la realidad sociocultural de nuestro pa\u00eds, con un perfil abierto a las necesidades de los otros en el mundo que nos toca transitar.<\/p>\n<p><a href=\"https:\/\/isfd136-bue.infd.edu.ar\/sitio\/profesorado-en-educacion-inicial-2\/\"><img decoding=\"async\" loading=\"lazy\" class=\"wp-image-937 alignleft\" src=\"https:\/\/isfd136-bue.infd.edu.ar\/sitio\/wp-content\/uploads\/2020\/05\/Imagen8.png\" alt=\"\" width=\"198\" height=\"59\" \/><\/a><\/p>\n<p>&nbsp;<\/p>\n<p>&nbsp;<\/p>\n<p>El egresado\/a de la carrera ser\u00e1 un profesional en el campo de la docencia capaz de:<\/p>\n<ul>\n<li>Reconocer el car\u00e1cter multicultural de gran parte de las sociedades y de la necesidad de formaci\u00f3n de un profesorado preparado para actuar con estudiantes con m\u00faltiples repertorios culturales.<\/li>\n<li>Desafiar los estereotipos que informan las pr\u00e1cticas docentes discriminatorias y problematizar contenidos etnoc\u00e9ntricos y pr\u00e1cticas pedag\u00f3gicas fragmentadas.<\/li>\n<li>Adquirir habilidades para poder diagnosticar las necesidades educativas de sus alumnos\/as;<\/li>\n<li>Elaborar y cuestionar sus preconceptos y visiones en relaci\u00f3n con la diversidad cultural, analizando sus estereotipos sobre rendimiento, desempe\u00f1o, evaluaci\u00f3n, etc\u00e9tera, del alumnado.<\/li>\n<li>Reconocer las cualidades de la propia cultura, valor\u00e1ndolas cr\u00edticamente de modo de enriquecer la vivencia de ciudadan\u00eda.<\/li>\n<li>Problematizar los contenidos espec\u00edficos y pedag\u00f3gicos de los dise\u00f1os curriculares.<\/li>\n<li>Saber enjuiciar el material de consulta, libro de texto, etc\u00e9tera, m\u00e1s adecuados en funci\u00f3n de lo intercultural.<\/li>\n<li>Saber pensar otros formatos educativos que superen la divisi\u00f3n en grados, la progresi\u00f3n y la jerarquizaci\u00f3n de conocimientos basada en una psicolog\u00eda evolutiva etnoc\u00e9ntrica y clasista.<\/li>\n<li>Desarrollar actitudes y pr\u00e1cticas de solidaridad con las personas y los grupos que sufren discriminaci\u00f3n.<\/li>\n<li>Reforzar el papel de las pr\u00e1cticas en escuelas como el punto m\u00e1s importante para la adquisici\u00f3n de experiencia contrastada, de recursos y motivaci\u00f3n, desarroll\u00e1ndola en instituciones educativas con diversidad de presencias.<\/li>\n<\/ul>\n<p><img decoding=\"async\" loading=\"lazy\" class=\"alignleft wp-image-938\" src=\"https:\/\/isfd136-bue.infd.edu.ar\/sitio\/wp-content\/uploads\/2020\/05\/Imagen9.png\" alt=\"\" width=\"175\" height=\"63\" \/><\/p>\n<p>&nbsp;<\/p>\n<p><img decoding=\"async\" loading=\"lazy\" class=\"size-full wp-image-955 aligncenter\" src=\"https:\/\/isfd136-bue.infd.edu.ar\/sitio\/wp-content\/uploads\/2020\/05\/Imagen12-3.jpg\" alt=\"\" width=\"515\" height=\"723\" \/><\/p>\n<p>&nbsp;<\/p>\n<p>&nbsp;<\/p>\n<p>&nbsp;<\/p>\n<p>&nbsp;<\/p>\n<p>&nbsp;<\/p>\n","protected":false},"excerpt":{"rendered":"<p>Profesorado en Educaci\u00f3n Inicial T\u00edtulo Oficial: Profesor en Educaci\u00f3n Inicial Resoluci\u00f3n:\u00a0 I.S.F.D.Y.T N\u00b0 136 Lugar de Cursada: I.S.F.D.Y.T N\u00b0 136. Ensenada Duraci\u00f3n de la Carrera: Cuatro a\u00f1os. \u00a0 \u00a0 \u00a0 \u00a0 \u00a0 \u00a0 \u00a0 \u00a0 \u00a0 \u00a0 \u00a0 \u00a0 \u00a0 \u00a0 \u00a0 \u00a0 \u00a0 \u00a0 \u00a0 \u00a0 \u00a0 \u00a0 \u00a0 \u00a0 \u00a0 \u00a0 \u00a0 \u00a0 &#8230; <a title=\"Profesorado de Educaci\u00f3n Inicial\" class=\"read-more\" href=\"https:\/\/isfd136-bue.infd.edu.ar\/sitio\/profesorado-de-educacion-inicial\/\" aria-label=\"More on Profesorado de Educaci\u00f3n Inicial\">[+]<\/a><\/p>\n","protected":false},"author":709,"featured_media":0,"parent":0,"menu_order":0,"comment_status":"closed","ping_status":"closed","template":"","meta":[],"acf":[],"_links":{"self":[{"href":"https:\/\/isfd136-bue.infd.edu.ar\/sitio\/wp-json\/wp\/v2\/pages\/931"}],"collection":[{"href":"https:\/\/isfd136-bue.infd.edu.ar\/sitio\/wp-json\/wp\/v2\/pages"}],"about":[{"href":"https:\/\/isfd136-bue.infd.edu.ar\/sitio\/wp-json\/wp\/v2\/types\/page"}],"author":[{"embeddable":true,"href":"https:\/\/isfd136-bue.infd.edu.ar\/sitio\/wp-json\/wp\/v2\/users\/709"}],"replies":[{"embeddable":true,"href":"https:\/\/isfd136-bue.infd.edu.ar\/sitio\/wp-json\/wp\/v2\/comments?post=931"}],"version-history":[{"count":10,"href":"https:\/\/isfd136-bue.infd.edu.ar\/sitio\/wp-json\/wp\/v2\/pages\/931\/revisions"}],"predecessor-version":[{"id":1178,"href":"https:\/\/isfd136-bue.infd.edu.ar\/sitio\/wp-json\/wp\/v2\/pages\/931\/revisions\/1178"}],"wp:attachment":[{"href":"https:\/\/isfd136-bue.infd.edu.ar\/sitio\/wp-json\/wp\/v2\/media?parent=931"}],"curies":[{"name":"wp","href":"https:\/\/api.w.org\/{rel}","templated":true}]}}