{"id":959,"date":"2020-05-12T14:26:01","date_gmt":"2020-05-12T17:26:01","guid":{"rendered":"https:\/\/isfd136-bue.infd.edu.ar\/sitio\/?page_id=959"},"modified":"2021-02-18T01:52:18","modified_gmt":"2021-02-18T04:52:18","slug":"profesorado-de-educacion-primaria","status":"publish","type":"page","link":"https:\/\/isfd136-bue.infd.edu.ar\/sitio\/profesorado-de-educacion-primaria\/","title":{"rendered":"Profesorado de Educaci\u00f3n Primaria"},"content":{"rendered":"<p><img decoding=\"async\" loading=\"lazy\" class=\"wp-image-899 alignleft\" src=\"https:\/\/isfd136-bue.infd.edu.ar\/sitio\/wp-content\/uploads\/2020\/05\/profesorado-de-primaria.png\" alt=\"\" width=\"388\" height=\"215\" \/><\/p>\n<p><strong>T\u00edtulo Oficial:<\/strong> Profesor en Educaci\u00f3n Primaria<\/p>\n<p><strong>Resoluci\u00f3n:\u00a0<\/strong> 4154\/07<\/p>\n<p><strong>Lugar de Cursada:<\/strong> I.S.F.D.Y.T N\u00b0 136 y en Extensi\u00f3n Punta Lara.<\/p>\n<p><strong>Duraci\u00f3n de la Carrera:<\/strong> Cuatro a\u00f1os.<\/p>\n<p><strong>Modalidad:<\/strong> Presencial<\/p>\n<p><img decoding=\"async\" loading=\"lazy\" class=\"alignleft wp-image-962\" src=\"https:\/\/isfd136-bue.infd.edu.ar\/sitio\/wp-content\/uploads\/2020\/05\/Imagen4.png\" alt=\"\" width=\"254\" height=\"60\" srcset=\"https:\/\/isfd136-bue.infd.edu.ar\/sitio\/wp-content\/uploads\/2020\/05\/Imagen4.png 509w, https:\/\/isfd136-bue.infd.edu.ar\/sitio\/wp-content\/uploads\/2020\/05\/Imagen4-500x120.png 500w\" sizes=\"(max-width: 254px) 100vw, 254px\" \/><\/p>\n<p>&nbsp;<\/p>\n<p>&nbsp;<\/p>\n<p style=\"text-align: left;\">El Profesorado en Educaci\u00f3n Primaria tiene como objetivo principal formar docentes competentes en el \u00e1rea de la educaci\u00f3n inicial, con s\u00f3lidos conocimientos pedag\u00f3gicos, atentos a los cambios y transformaciones propios de nuestra tarea cotidiana y comprometidos con la realidad sociocultural de nuestro pa\u00eds, con un perfil abierto a las necesidades de los otros en el mundo que\u00a0 \u00a0 nos toca transitar.<\/p>\n<p><img decoding=\"async\" loading=\"lazy\" class=\"alignleft wp-image-965\" src=\"https:\/\/isfd136-bue.infd.edu.ar\/sitio\/wp-content\/uploads\/2020\/05\/Imagen5.png\" alt=\"\" width=\"203\" height=\"60\" \/><\/p>\n<p>&nbsp;<\/p>\n<p>&nbsp;<\/p>\n<p>El egresado\/a de la carrera ser\u00e1 un profesional en el campo de la docencia capaz de:<\/p>\n<ul>\n<li>Reconocer el car\u00e1cter multicultural de gran parte de las sociedades y de la necesidad de formaci\u00f3n de un profesorado preparado para actuar con estudiantes con m\u00faltiples repertorios culturales.<\/li>\n<li>Desafiar los estereotipos que informan las pr\u00e1cticas docentes discriminatorias y problematizar contenidos etnoc\u00e9ntricos y pr\u00e1cticas pedag\u00f3gicas fragmentadas.<\/li>\n<li>Adquirir habilidades para poder diagnosticar las necesidades educativas de sus alumnos\/as;<\/li>\n<li>Elaborar y cuestionar sus preconceptos y visiones en relaci\u00f3n con la diversidad cultural, analizando sus estereotipos sobre rendimiento, desempe\u00f1o, evaluaci\u00f3n, etc\u00e9tera, del alumnado.<\/li>\n<li>Reconocer las cualidades de la propia cultura, valor\u00e1ndolas cr\u00edticamente de modo de enriquecer la vivencia de ciudadan\u00eda.<\/li>\n<li>Problematizar los contenidos espec\u00edficos y pedag\u00f3gicos de los dise\u00f1os curriculares.<\/li>\n<li>Saber enjuiciar el material de consulta, libro de texto, etc\u00e9tera, m\u00e1s adecuados en funci\u00f3n de lo intercultural.<\/li>\n<li>Saber pensar otros formatos educativos que superen la divisi\u00f3n en grados, la progresi\u00f3n y la jerarquizaci\u00f3n de conocimientos basada en una psicolog\u00eda evolutiva etnoc\u00e9ntrica y clasista.<\/li>\n<li>Desarrollar actitudes y pr\u00e1cticas de solidaridad con las personas y los grupos que sufren discriminaci\u00f3n.<\/li>\n<li>Reforzar el papel de las pr\u00e1cticas en escuelas como el punto m\u00e1s importante para la adquisici\u00f3n de experiencia contrastada, de recursos y motivaci\u00f3n, desarroll\u00e1ndola en instituciones educativas con diversidad de presencias.<\/li>\n<\/ul>\n<p><img decoding=\"async\" loading=\"lazy\" class=\"wp-image-963 alignleft\" src=\"https:\/\/isfd136-bue.infd.edu.ar\/sitio\/wp-content\/uploads\/2020\/05\/Imagen6.png\" alt=\"\" width=\"169\" height=\"61\" \/><\/p>\n<p>&nbsp;<\/p>\n<p>&nbsp;<\/p>\n<p><img decoding=\"async\" loading=\"lazy\" class=\"size-full wp-image-1181 aligncenter\" src=\"https:\/\/isfd136-bue.infd.edu.ar\/sitio\/wp-content\/uploads\/2021\/02\/plan-de-estudio-Primaria.jpg\" alt=\"\" width=\"541\" height=\"770\" \/><\/p>\n<p>&nbsp;<\/p>\n<p>&nbsp;<\/p>\n<p>&nbsp;<\/p>\n<p>&nbsp;<\/p>\n<p>&nbsp;<\/p>\n<p>&nbsp;<\/p>\n","protected":false},"excerpt":{"rendered":"<p>T\u00edtulo Oficial: Profesor en Educaci\u00f3n Primaria Resoluci\u00f3n:\u00a0 4154\/07 Lugar de Cursada: I.S.F.D.Y.T N\u00b0 136 y en Extensi\u00f3n Punta Lara. Duraci\u00f3n de la Carrera: Cuatro a\u00f1os. Modalidad: Presencial &nbsp; &nbsp; El Profesorado en Educaci\u00f3n Primaria tiene como objetivo principal formar docentes competentes en el \u00e1rea de la educaci\u00f3n inicial, con s\u00f3lidos conocimientos pedag\u00f3gicos, atentos a los &#8230; <a title=\"Profesorado de Educaci\u00f3n Primaria\" class=\"read-more\" href=\"https:\/\/isfd136-bue.infd.edu.ar\/sitio\/profesorado-de-educacion-primaria\/\" aria-label=\"More on Profesorado de Educaci\u00f3n Primaria\">[+]<\/a><\/p>\n","protected":false},"author":709,"featured_media":0,"parent":0,"menu_order":0,"comment_status":"closed","ping_status":"closed","template":"","meta":[],"acf":[],"_links":{"self":[{"href":"https:\/\/isfd136-bue.infd.edu.ar\/sitio\/wp-json\/wp\/v2\/pages\/959"}],"collection":[{"href":"https:\/\/isfd136-bue.infd.edu.ar\/sitio\/wp-json\/wp\/v2\/pages"}],"about":[{"href":"https:\/\/isfd136-bue.infd.edu.ar\/sitio\/wp-json\/wp\/v2\/types\/page"}],"author":[{"embeddable":true,"href":"https:\/\/isfd136-bue.infd.edu.ar\/sitio\/wp-json\/wp\/v2\/users\/709"}],"replies":[{"embeddable":true,"href":"https:\/\/isfd136-bue.infd.edu.ar\/sitio\/wp-json\/wp\/v2\/comments?post=959"}],"version-history":[{"count":10,"href":"https:\/\/isfd136-bue.infd.edu.ar\/sitio\/wp-json\/wp\/v2\/pages\/959\/revisions"}],"predecessor-version":[{"id":1182,"href":"https:\/\/isfd136-bue.infd.edu.ar\/sitio\/wp-json\/wp\/v2\/pages\/959\/revisions\/1182"}],"wp:attachment":[{"href":"https:\/\/isfd136-bue.infd.edu.ar\/sitio\/wp-json\/wp\/v2\/media?parent=959"}],"curies":[{"name":"wp","href":"https:\/\/api.w.org\/{rel}","templated":true}]}}